{"id":3547,"date":"2025-12-23T00:09:58","date_gmt":"2025-12-23T00:09:58","guid":{"rendered":"https:\/\/farmfreshoils.com.au\/product\/%e7%9f%b3%e8%8f%96%e8%92%b2%e7%b2%be%e6%b2%b9-%e3%82%bb%e3%82%ad%e3%82%b7%e3%83%a7%e3%82%a6%e3%83%96-100%ef%bc%85%e3%83%94%e3%83%a5%e3%82%a2-calamus\/"},"modified":"2025-12-23T22:26:37","modified_gmt":"2025-12-23T22:26:37","slug":"%e7%9f%b3%e8%8f%96%e8%92%b2%e7%b2%be%e6%b2%b9-%e3%82%bb%e3%82%ad%e3%82%b7%e3%83%a7%e3%82%a6%e3%83%96-100%ef%bc%85%e3%83%94%e3%83%a5%e3%82%a2-calamus","status":"publish","type":"product","link":"https:\/\/farmfreshoils.com.au\/ja\/product\/%e7%9f%b3%e8%8f%96%e8%92%b2%e7%b2%be%e6%b2%b9-%e3%82%bb%e3%82%ad%e3%82%b7%e3%83%a7%e3%82%a6%e3%83%96-100%ef%bc%85%e3%83%94%e3%83%a5%e3%82%a2-calamus\/","title":{"rendered":"\u77f3\u83d6\u84b2\u7cbe\u6cb9 (\u30bb\u30ad\u30b7\u30e7\u30a6\u30d6) &#8211; 100\uff05\u30d4\u30e5\u30a2 (Calamus)"},"content":{"rendered":"<p>\u4f1d\u7d71\u4e2d\u56fd\u540d: \u77f3\u83d6\u84b2 (Sh\u00ed Ch\u0101ng P\u00fa)<\/p>\n<p>\u5b66\u540d\uff1a Acorus calamus<\/p>\n<p><b>\u6210\u5206: \u77f3\u83d6\u84b2 <\/b>\u30aa\u30a4\u30eb<\/p>\n<p>\u4f7f\u7528\u90e8\u4f4d\uff1a \u6839\u830e\uff08\u5730\u4e0b\u830e)<\/p>\n<p>\u7523\u5730\uff1a \u4e2d\u56fd<\/p>\n<p><b>\u62bd\u51fa\u65b9\u6cd5: \u6c34\u84b8\u6c17\u84b8\u7559<\/b><\/p>\n<p><b>\u6982\u8981:<\/b><b><\/b><\/p>\n<p>\u77f3\u83d6\u84b2\uff08\u30bb\u30ad\u30b7\u30e7\u30a6\u30d6\uff09\u7cbe\u6cb9\u306f\u3001Acorus calamus \u306e\u6839\u830e\u304b\u3089\u5f97\u3089\u308c\u308b\u3001\u975e\u5e38\u306b\u82b3\u9999\u304c\u6df1\u304f\u3001\u6b74\u53f2\u7684\u306b\u3082\u91cd\u8981\u306a\u7cbe\u6cb9\u3067\u3059\u3002\u3053\u306e\u690d\u7269\u306f\u6570\u5343\u5e74\u306b\u308f\u305f\u308a\u3001\u8907\u6570\u306e\u53e4\u4ee3\u533b\u7642\u4f53\u7cfb\u306b\u304a\u3044\u3066\u5c0a\u3070\u308c\u3066\u304d\u307e\u3057\u305f\u3002\u4e2d\u56fd\u4f1d\u7d71\u533b\u5b66\uff08TCM\uff09\u3067\u306f \u83d6\u84b2\uff08Ch\u0101ng P\u00fa\uff09 \u3068\u3057\u3066\u77e5\u3089\u308c\u3001\u300e\u795e\u8fb2\u672c\u8349\u7d4c\uff08Sh\u00e9nn\u00f3ng B\u011bnc\u01ceo J\u012bng\uff09\u300f\u306a\u3069\u306e\u53e4\u5178\u6587\u732e\u306b\u3082\u8a18\u9332\u3055\u308c\u3066\u304a\u308a\u3001\u601d\u8003\u306e\u660e\u6670\u3055\u3092\u652f\u3048\u3001\u5fc3\u8eab\u306e\u30d0\u30e9\u30f3\u30b9\u3092\u6574\u3048\u308b\u690d\u7269\u3068\u3057\u3066\u4f4d\u7f6e\u3065\u3051\u3089\u308c\u3066\u304d\u307e\u3057\u305f\u3002 <\/p>\n<p>\u4e2d\u56fd\u3067\u306f\u3001Acorus calamus \u306f\u6e7f\u5730\u5e2f\u3084\u6cb3\u5ddd\u6cbf\u3044\u3001\u6cbc\u6ca2\u5730\u306a\u3069\u306b\u81ea\u751f\u3057\u3001\u6e05\u3089\u304b\u306a\u6d41\u6c34\u3001\u30df\u30cd\u30e9\u30eb\u8c4a\u5bcc\u306a\u571f\u58cc\u3001\u305d\u3057\u3066\u56db\u5b63\u306b\u3088\u308b\u6e29\u5ea6\u5909\u5316\u306e\u3082\u3068\u3067\u3001\u6839\u830e\u304c\u3086\u3063\u304f\u308a\u3068\u6210\u719f\u3057\u307e\u3059\u3002\u2028\u3053\u3046\u3057\u305f\u53b3\u3057\u3044\u751f\u80b2\u74b0\u5883\u3053\u305d\u304c\u3001\u77f3\u83d6\u84b2\uff08\u30bb\u30ad\u30b7\u30e7\u30a6\u30d6\uff09\u7279\u6709\u306e\u82b3\u9999\u7279\u6027\u3092\u5f62\u6210\u3059\u308b\u3046\u3048\u3067\u2028\u91cd\u8981\u3067\u3042\u308b\u3068\u8003\u3048\u3089\u308c\u3066\u3044\u307e\u3059\u3002\u53ce\u7a6b\u306f\u6839\u830e\u304c\u5341\u5206\u306b\u6210\u719f\u3057\u305f\u6bb5\u968e\u3067\u884c\u308f\u308c\u3001\u4e01\u5be7\u306b\u6d17\u6d44\u30fb\u4e7e\u71e5\u3055\u308c\u305f\u5f8c\u3001\u6c34\u84b8\u6c17\u84b8\u7559\u3055\u308c\u307e\u3059\u3002  <\/p>\n<p>\u77f3\u83d6\u84b2\uff08\u30bb\u30ad\u30b7\u30e7\u30a6\u30d6\uff09\u306f\u4e2d\u56fd\u306b\u3068\u3069\u307e\u3089\u305a\u3001\u975e\u5e38\u306b\u5e83\u7bc4\u306a\u6b74\u53f2\u7684\u80cc\u666f\u3092\u6301\u3064\u690d\u7269\u3067\u3059\u3002\u30a4\u30f3\u30c9\u306e\u30a2\u30fc\u30e6\u30eb\u30f4\u30a7\u30fc\u30c0\u533b\u5b66\uff08Vacha\u3068\u3057\u3066\u77e5\u3089\u308c\u308b\uff09\u3001\u30c1\u30d9\u30c3\u30c8\u533b\u5b66\u3001\u30e6\u30ca\u30cb\u533b\u5b66\u3001\u3055\u3089\u306b\u306f\u53e4\u4ee3\u30ae\u30ea\u30b7\u30e3\u30fb\u30ed\u30fc\u30de\u306e\u4f1d\u7d71\u306b\u3082\u767b\u5834\u3057\u307e\u3059\u3002\u4e2d\u4e16\u30e8\u30fc\u30ed\u30c3\u30d1\u3067\u306f\u3001\u85ac\u7528\u3068\u3057\u3066\u3060\u3051\u3067\u306a\u304f\u795e\u8056\u306a\u82b3\u9999\u690d\u7269\u3068\u3057\u3066\u3082\u91cd\u8996\u3055\u308c\u3001\u6559\u4f1a\u306e\u5e8a\u306b\u6492\u304b\u308c\u308b\u306a\u3069\u3001\u6d44\u5316\u3068\u8c61\u5fb4\u7684\u306a\u610f\u5473\u5408\u3044\u3092\u6301\u3063\u3066\u7528\u3044\u3089\u308c\u3066\u304d\u307e\u3057\u305f\u3002  <\/p>\n<p>\u77f3\u83d6\u84b2\uff08\u30bb\u30ad\u30b7\u30e7\u30a6\u30d6\uff09\u7cbe\u6cb9\u306e\u9999\u308a\u306f\u3001\u6e29\u304b\u304f\u30b9\u30d1\u30a4\u30b7\u30fc\u3067\u30a2\u30fc\u30b7\u30fc\u3001\u308f\u305a\u304b\u306b\u30ec\u30b6\u30fc\u8abf\u3068\u30b9\u30e2\u30fc\u30ad\u30fc\u3055\u3092\u542b\u3080\u6df1\u307f\u306e\u3042\u308b\u30a2\u30ed\u30de\u304c\u7279\u5fb4\u3067\u3059\u3002\u4f1d\u7d71\u7684\u306b\u306f\u6839\u5168\u4f53\u306e\u714e\u3058\u3084\u8abf\u5408\u304c\u4e2d\u5fc3\u3067\u3057\u305f\u304c\u3001\u2028\u73fe\u4ee3\u3067\u306f\u305d\u306e\u30b0\u30e9\u30a6\u30f3\u30c7\u30a3\u30f3\u30b0\u3067\u5185\u7701\u7684\u306a\u9999\u308a\u304c\u8a55\u4fa1\u3055\u308c\u3001\u30a2\u30ed\u30de\u30bb\u30e9\u30d4\u30fc\u3001\u5100\u5f0f\u7528\u9014\u3001\u9999\u6c34\u539f\u6599\u3068\u3057\u3066\u7528\u3044\u3089\u308c\u3066\u3044\u307e\u3059\u3002 <\/p>\n<p><b>\u4f1d\u7d71\u7684\u306b\u8a9e\u3089\u308c\u3066\u304d\u305f\u7279\u6027:<\/b><b><\/b><\/p>\n<p>\u2022 \u601d\u8003\u3092\u30af\u30ea\u30a2\u306b\u3057\u3001\u96c6\u4e2d\u529b\u3092\u4fdd\u3064\u76ee\u7684\u3067\u4f1d\u7d71\u7684\u306b\u7528\u3044\u3089\u308c\u3066\u304d\u307e\u3057\u305f<\/p>\n<p>\u2022 \u6c17\u6301\u3061\u3092\u843d\u3061\u7740\u304b\u305b\u3001\u7cbe\u795e\u72b6\u614b\u3092\u6574\u3048\u308b\u3082\u306e\u3068\u3057\u3066\u8003\u3048\u3089\u308c\u3066\u304d\u307e\u3057\u305f<\/p>\n<p>\u2022 \u5fc3\u3092\u93ae\u3081\u3001\u7cbe\u795e\u306e\u5b89\u5b9a\u3092\u4fdd\u3064\u305f\u3081\u306b\u6b74\u53f2\u7684\u306b\u7528\u3044\u3089\u308c\u3066\u304d\u307e\u3057\u305f<\/p>\n<p>\u2022 \u6d44\u5316\u3084\u4fdd\u8b77\u306e\u5100\u5f0f\u3068\u95a2\u9023\u3065\u3051\u3089\u308c\u3066\u304d\u307e\u3057\u305f<\/p>\n<p>\u2022 \u6e29\u304b\u304f\u523a\u6fc0\u7684\u306a\u82b3\u9999\u304c\u8a55\u4fa1\u3055\u308c\u3066\u3044\u307e\u3059<\/p>\n<p><b>\u203b\u514d\u8cac\u4e8b\u9805<\/b><b><\/b><\/p>\n<p>\u4e0a\u8a18\u306e\u4f1d\u7d71\u7684\u7528\u9014\u304a\u3088\u3073\u7279\u6027\u306f\u3001\u6b74\u53f2\u7684\u30fb\u4f1d\u7d71\u7684\u306a\u85ac\u8349\u5229\u7528\u306b\u57fa\u3065\u304f\u3082\u306e\u3067\u3042\u308a\u3001\u2028Farm Fresh Oils \u306b\u3088\u3063\u3066\u79d1\u5b66\u7684\u306b\u691c\u8a3c\u30fb\u8a55\u4fa1\u3055\u308c\u305f\u3082\u306e\u3067\u306f\u3042\u308a\u307e\u305b\u3093\u3002\u672c\u88fd\u54c1\u306f\u3001\u3044\u304b\u306a\u308b\u75be\u75c5\u306e\u8a3a\u65ad\u3001\u6cbb\u7642\u3001\u6cbb\u7652\u3001\u4e88\u9632\u3092\u76ee\u7684\u3068\u3059\u308b\u3082\u306e\u3067\u306f\u3042\u308a\u307e\u305b\u3093\u3002 <\/p>\n","protected":false},"excerpt":{"rendered":"<p>\u4f1d\u7d71\u4e2d\u56fd\u540d: \u77f3\u83d6\u84b2 (Sh\u00ed Ch\u0101ng P\u00fa) \u5b66\u540d\uff1a Acorus calamus \u6210\u5206: \u77f3\u83d6\u84b2 \u30aa\u30a4\u30eb \u4f7f\u7528\u90e8\u4f4d\uff1a \u6839\u830e\uff08\u5730\u4e0b\u830e) \u7523\u5730\uff1a \u4e2d\u56fd \u62bd\u51fa\u65b9\u6cd5: \u6c34\u84b8\u6c17\u84b8\u7559 \u6982\u8981: \u77f3\u83d6\u84b2\uff08\u30bb\u30ad\u30b7\u30e7\u30a6\u30d6\uff09\u7cbe\u6cb9\u306f\u3001A [&hellip;]<\/p>\n","protected":false},"featured_media":3460,"template":"","meta":{"_acf_changed":false},"product_brand":[],"product_cat":[130],"product_tag":[],"class_list":{"0":"post-3547","1":"product","2":"type-product","3":"status-publish","4":"has-post-thumbnail","6":"product_cat-130","7":"pa_weight-100ml-ja","8":"pa_weight-1kg-ja","9":"pa_weight-5kg-ja","10":"pa_weight-20kg-ja","12":"first","13":"instock","14":"shipping-taxable","15":"purchasable","16":"product-type-variable"},"acf":[],"_links":{"self":[{"href":"https:\/\/farmfreshoils.com.au\/ja\/wp-json\/wp\/v2\/product\/3547","targetHints":{"allow":["GET"]}}],"collection":[{"href":"https:\/\/farmfreshoils.com.au\/ja\/wp-json\/wp\/v2\/product"}],"about":[{"href":"https:\/\/farmfreshoils.com.au\/ja\/wp-json\/wp\/v2\/types\/product"}],"wp:featuredmedia":[{"embeddable":true,"href":"https:\/\/farmfreshoils.com.au\/ja\/wp-json\/wp\/v2\/media\/3460"}],"wp:attachment":[{"href":"https:\/\/farmfreshoils.com.au\/ja\/wp-json\/wp\/v2\/media?parent=3547"}],"wp:term":[{"taxonomy":"product_brand","embeddable":true,"href":"https:\/\/farmfreshoils.com.au\/ja\/wp-json\/wp\/v2\/product_brand?post=3547"},{"taxonomy":"product_cat","embeddable":true,"href":"https:\/\/farmfreshoils.com.au\/ja\/wp-json\/wp\/v2\/product_cat?post=3547"},{"taxonomy":"product_tag","embeddable":true,"href":"https:\/\/farmfreshoils.com.au\/ja\/wp-json\/wp\/v2\/product_tag?post=3547"}],"curies":[{"name":"wp","href":"https:\/\/api.w.org\/{rel}","templated":true}]}}