{"id":3552,"date":"2025-12-22T23:11:36","date_gmt":"2025-12-22T23:11:36","guid":{"rendered":"https:\/\/farmfreshoils.com.au\/product\/%e9%80%a3%e7%bf%b9%e7%b2%be%e6%b2%b9%ef%bc%88%e3%83%ac%e3%83%b3%e3%82%ae%e3%83%a7%e3%82%a6-100%ef%bc%85%e3%83%94%e3%83%a5%e3%82%a2-forsythia\/"},"modified":"2025-12-23T22:27:26","modified_gmt":"2025-12-23T22:27:26","slug":"%e9%80%a3%e7%bf%b9%e7%b2%be%e6%b2%b9%ef%bc%88%e3%83%ac%e3%83%b3%e3%82%ae%e3%83%a7%e3%82%a6-100%ef%bc%85%e3%83%94%e3%83%a5%e3%82%a2-forsythia","status":"publish","type":"product","link":"https:\/\/farmfreshoils.com.au\/ja\/product\/%e9%80%a3%e7%bf%b9%e7%b2%be%e6%b2%b9%ef%bc%88%e3%83%ac%e3%83%b3%e3%82%ae%e3%83%a7%e3%82%a6-100%ef%bc%85%e3%83%94%e3%83%a5%e3%82%a2-forsythia\/","title":{"rendered":"\u9023\u7ff9\u7cbe\u6cb9\uff08\u30ec\u30f3\u30ae\u30e7\u30a6) &#8211; 100\uff05\u30d4\u30e5\u30a2 (Forsythia)"},"content":{"rendered":"<p><i>\u4f1d\u7d71\u4e2d\u56fd\u540d: \u9023\u7fd8 (Li\u00e1n Qi\u00e1o<\/i>)<\/p>\n<p>\u5b66\u540d\uff1a Forsythia suspensa<\/p>\n<p><b>\u6210\u5206: \u9023\u7ff9 <\/b>\u30aa\u30a4\u30eb<\/p>\n<p>\u4f7f\u7528\u90e8\u4f4d\uff1a \u679c\u5b9f<\/p>\n<p>\u7523\u5730\uff1a \u4e2d\u56fd<\/p>\n<p><b>\u62bd\u51fa\u65b9\u6cd5: \u6c34\u84b8\u6c17\u84b8\u7559\uff08\u4f4e\u53ce\u7387\u306e\u82b3\u9999\u30aa\u30a4\u30eb\uff09<\/b><\/p>\n<p><b>\u6982\u8981:<\/b><b><\/b><\/p>\n<p>\u9023\u7ff9\uff08\u30ec\u30f3\u30ae\u30e7\u30a6\uff09\u7cbe\u6cb9\u306f\u3001\u4e2d\u56fd\u4f1d\u7d71\u533b\u5b66\uff08TCM\uff09\u306b\u304a\u3044\u30662000\u5e74\u4ee5\u4e0a\u306b\u308f\u305f\u308a\u5c0a\u3070\u308c\u3066\u304d\u305f\u690d\u7269 Forsythia suspensa \u306e\u679c\u5b9f\u304b\u3089\u5f97\u3089\u308c\u308b\u3001\u975e\u5e38\u306b\u5e0c\u5c11\u3067\u5c02\u9580\u6027\u306e\u9ad8\u3044\u7cbe\u6cb9\u3067\u3059\u3002\u9023\u7ff9\uff08Li\u00e1n Qi\u00e1o\uff09\u3068\u3057\u3066\u77e5\u3089\u308c\u3001\u300e\u795e\u8fb2\u672c\u8349\u7d4c\uff08Sh\u00e9nn\u00f3ng B\u011bnc\u01ceo J\u012bng\uff0f\u795e\u8fb2\u672c\u8349\u7d4c\uff09\u300f\u306a\u3069\u306e\u53e4\u5178\u6587\u732e\u306b\u3082\u8a18\u9332\u304c\u3042\u308a\u3001\u71b1\u3092\u6e05\u3081\u3001\u4f53\u5185\u306e\u30d0\u30e9\u30f3\u30b9\u3092\u6574\u3048\u308b\u6982\u5ff5\u3068\u7d50\u3073\u3064\u3051\u3089\u308c\u3066\u304d\u307e\u3057\u305f\u3002 <\/p>\n<p>\u9023\u7ff9\uff08\u30ec\u30f3\u30ae\u30e7\u30a6\uff09\u306f\u63ee\u767a\u6027\u6210\u5206\u306e\u542b\u6709\u91cf\u304c\u3054\u304f\u5fae\u91cf\u3067\u3042\u308b\u305f\u3081\u3001\u7cbe\u6cb9\u306e\u53ce\u7387\u304c\u81ea\u7136\u3068\u4f4e\u304f\u3001\u5e0c\u5c11\u6027\u306e\u9ad8\u3044\u30aa\u30a4\u30eb\u3068\u306a\u308a\u307e\u3059\u3002\u679c\u5b9f\u306f\u3001\u4e2d\u56fd\u306e\u6e29\u5e2f\uff5e\u5c71\u5cb3\u5730\u57df\u306b\u304a\u3044\u3066\u3001\u6210\u719f\u306e\u6700\u9069\u306a\u30bf\u30a4\u30df\u30f3\u30b0\u3067\u53ce\u7a6b\u3055\u308c\u307e\u3059\u3002\u51b7\u6dbc\u306a\u51ac\u3001\u6e29\u6696\u306a\u590f\u3001\u6c34\u306f\u3051\u306e\u826f\u3044\u571f\u58cc\u3068\u3044\u3046\u6761\u4ef6\u304c\u3001\u690d\u7269\u306e\u3086\u3063\u304f\u308a\u3068\u3057\u305f\u6210\u9577\u3092\u652f\u3048\u3066\u3044\u307e\u3059\u3002\u53ce\u7a6b\u5f8c\u306f\u4e7e\u71e5\u3055\u305b\u3001\u6c34\u84b8\u6c17\u84b8\u7559\u306b\u3088\u3063\u3066\u3001\u7e4a\u7d30\u306a\u82b3\u9999\u6210\u5206\u304c\u4e01\u5be7\u306b\u5f15\u304d\u51fa\u3055\u308c\u307e\u3059\u3002  <\/p>\n<p>\u9999\u308a\u306f\u3001\u8efd\u3084\u304b\u306a\u30b0\u30ea\u30fc\u30f3\u8abf\u306e\u30cf\u30fc\u30d0\u30eb\u30ce\u30fc\u30c8\u306b\u3001\u307b\u306e\u304b\u306a\u85ac\u8349\u611f\u3068\u308f\u305a\u304b\u306a\u30a6\u30c3\u30c7\u30a3\u3055\u3092\u542b\u3080\u3001\u7a4f\u3084\u304b\u3067\u6f84\u3093\u3060\u5370\u8c61\u304c\u7279\u5fb4\u3067\u3059\u3002\u4f1d\u7d71\u7684\u306b\u306f\u9023\u7ff9\u306f\u714e\u3058\u85ac\u3084\u751f\u85ac\u51e6\u65b9\u3068\u3057\u3066\u7528\u3044\u3089\u308c\u3066\u304d\u307e\u3057\u305f\u304c\u3001\u73fe\u4ee3\u3067\u306f\u3001\u6771\u30a2\u30b8\u30a2\u306e\u53e4\u5178\u7684\u85ac\u8349\u6587\u5316\u3068\u306e\u3064\u306a\u304c\u308a\u3092\u91cd\u8996\u3057\u305f\u30a2\u30ed\u30de\u7528\u9014\u3001\u5100\u5f0f\u7684\u7528\u9014\u3001\u51e6\u65b9\u539f\u6599\u3068\u3057\u3066\u7cbe\u6cb9\u304c\u8a55\u4fa1\u3055\u308c\u3066\u3044\u307e\u3059\u3002 <\/p>\n<p>\u4e2d\u56fd\u4ee5\u5916\u3067\u3082\u3001\u9023\u7ff9\uff08\u30ec\u30f3\u30ae\u30e7\u30a6\uff09\u306e\u679c\u5b9f\u306f\u3001\u97d3\u56fd\u306e\u4f1d\u7d71\u533b\u5b66\u3001\u65e5\u672c\u306e\u6f22\u65b9\u533b\u5b66\u3001\u30d9\u30c8\u30ca\u30e0\u306e\u85ac\u8349\u4f53\u7cfb\u306b\u304a\u3044\u3066\u3082\u7528\u3044\u3089\u308c\u3066\u304a\u308a\u3001\u305d\u306e\u5f79\u5272\u3084\u30a8\u30cd\u30eb\u30ae\u30fc\u7684\u306a\u6349\u3048\u65b9\u306f\u3001\u4e2d\u56fd\u533b\u5b66\u306e\u6982\u5ff5\u3068\u3088\u304f\u4e00\u81f4\u3057\u3066\u3044\u307e\u3059\u3002\u672c\u7cbe\u6cb9\u306f\u3001\u3053\u3046\u3057\u305f\u53e4\u4ee3\u690d\u7269\u3092\u73fe\u4ee3\u7684\u306b\u8868\u73fe\u3057\u305f\u82b3\u9999\u7d20\u6750\u3068\u3044\u3048\u307e\u3059\u3002 <\/p>\n<p><b>\u4f1d\u7d71\u7684\u306b\u8a9e\u3089\u308c\u3066\u304d\u305f\u7279\u6027:<\/b><b><\/b><\/p>\n<p>\u2022 \u85ac\u8349\u4f53\u7cfb\u306b\u304a\u3044\u3066\u300c\u71b1\u3092\u6e05\u3081\u308b\u300d\u6982\u5ff5\u3068\u7d50\u3073\u3064\u3051\u3089\u308c\u3066\u304d\u307e\u3057\u305f<\/p>\n<p>\u2022 \u6d44\u5316\u3084\u6e05\u3081\u306e\u7fd2\u6163\u3068\u7d50\u3073\u3064\u3051\u3089\u308c\u3066\u304d\u307e\u3057\u305f<\/p>\n<p>\u2022 \u5b63\u7bc0\u306e\u5909\u308f\u308a\u76ee\u306a\u3069\u306b\u3001\u6b74\u53f2\u7684\u306b\u7528\u3044\u3089\u308c\u3066\u304d\u307e\u3057\u305f<\/p>\n<p>\u2022 \u8efd\u3084\u304b\u3067\u6f84\u3093\u3060\u82b3\u9999\u304c\u8a55\u4fa1\u3055\u308c\u3066\u3044\u307e\u3059<\/p>\n<p>\u2022 \u4f1d\u7d71\u533b\u5b66\u306b\u304a\u3044\u3066\u3001\u30d0\u30e9\u30f3\u30b9\u3068\u56de\u5fa9\u306e\u6982\u5ff5\u3068\u95a2\u9023\u3065\u3051\u3089\u308c\u3066\u3044\u307e\u3059<\/p>\n<p><b>\u203b\u514d\u8cac\u4e8b\u9805<\/b><b><\/b><\/p>\n<p>\u4e0a\u8a18\u306e\u4f1d\u7d71\u7684\u7528\u9014\u304a\u3088\u3073\u7279\u6027\u306f\u3001\u6b74\u53f2\u7684\u30fb\u4f1d\u7d71\u7684\u306a\u85ac\u8349\u5229\u7528\u306b\u57fa\u3065\u304f\u3082\u306e\u3067\u3042\u308a\u3001Farm Fresh Oils \u306b\u3088\u3063\u3066\u79d1\u5b66\u7684\u306b\u691c\u8a3c\u30fb\u8a55\u4fa1\u3055\u308c\u305f\u3082\u306e\u3067\u306f\u3042\u308a\u307e\u305b\u3093\u3002\u672c\u88fd\u54c1\u306f\u3001\u75be\u75c5\u306e\u8a3a\u65ad\u3001\u6cbb\u7642\u3001\u6cbb\u7652\u3001\u307e\u305f\u306f\u4e88\u9632\u3092\u76ee\u7684\u3068\u3059\u308b\u3082\u306e\u3067\u306f\u3042\u308a\u307e\u305b\u3093\u3002 <\/p>\n","protected":false},"excerpt":{"rendered":"<p>\u4f1d\u7d71\u4e2d\u56fd\u540d: \u9023\u7fd8 (Li\u00e1n Qi\u00e1o) \u5b66\u540d\uff1a Forsythia suspensa \u6210\u5206: \u9023\u7ff9 \u30aa\u30a4\u30eb \u4f7f\u7528\u90e8\u4f4d\uff1a \u679c\u5b9f \u7523\u5730\uff1a \u4e2d\u56fd \u62bd\u51fa\u65b9\u6cd5: \u6c34\u84b8\u6c17\u84b8\u7559\uff08\u4f4e\u53ce\u7387\u306e\u82b3\u9999\u30aa\u30a4\u30eb\uff09 \u6982\u8981: \u9023\u7ff9\uff08\u30ec\u30f3\u30ae\u30e7\u30a6\uff09\u7cbe\u6cb9 [&hellip;]<\/p>\n","protected":false},"featured_media":3451,"template":"","meta":{"_acf_changed":false},"product_brand":[],"product_cat":[130],"product_tag":[],"class_list":{"0":"post-3552","1":"product","2":"type-product","3":"status-publish","4":"has-post-thumbnail","6":"product_cat-130","7":"pa_weight-100ml-ja","8":"pa_weight-1kg-ja","9":"pa_weight-5kg-ja","10":"pa_weight-20kg-ja","12":"first","13":"instock","14":"shipping-taxable","15":"purchasable","16":"product-type-variable"},"acf":[],"_links":{"self":[{"href":"https:\/\/farmfreshoils.com.au\/ja\/wp-json\/wp\/v2\/product\/3552","targetHints":{"allow":["GET"]}}],"collection":[{"href":"https:\/\/farmfreshoils.com.au\/ja\/wp-json\/wp\/v2\/product"}],"about":[{"href":"https:\/\/farmfreshoils.com.au\/ja\/wp-json\/wp\/v2\/types\/product"}],"wp:featuredmedia":[{"embeddable":true,"href":"https:\/\/farmfreshoils.com.au\/ja\/wp-json\/wp\/v2\/media\/3451"}],"wp:attachment":[{"href":"https:\/\/farmfreshoils.com.au\/ja\/wp-json\/wp\/v2\/media?parent=3552"}],"wp:term":[{"taxonomy":"product_brand","embeddable":true,"href":"https:\/\/farmfreshoils.com.au\/ja\/wp-json\/wp\/v2\/product_brand?post=3552"},{"taxonomy":"product_cat","embeddable":true,"href":"https:\/\/farmfreshoils.com.au\/ja\/wp-json\/wp\/v2\/product_cat?post=3552"},{"taxonomy":"product_tag","embeddable":true,"href":"https:\/\/farmfreshoils.com.au\/ja\/wp-json\/wp\/v2\/product_tag?post=3552"}],"curies":[{"name":"wp","href":"https:\/\/api.w.org\/{rel}","templated":true}]}}